{"id":4215,"date":"2025-12-16T19:35:49","date_gmt":"2025-12-17T00:35:49","guid":{"rendered":"https:\/\/reseausommeil.ca\/?page_id=4215"},"modified":"2026-01-29T16:39:20","modified_gmt":"2026-01-29T21:39:20","slug":"financement-prix-somnonova","status":"publish","type":"page","link":"https:\/\/reseausommeil.ca\/en\/financement-prix-somnonova\/","title":{"rendered":"Financement &#8211; Prix SomnoNova"},"content":{"rendered":"<div id=\"fws_69f4dcc8ed39c\"  data-br=\"10px\" data-br-applies=\"bg\" data-column-margin=\"default\" data-midnight=\"dark\"  class=\"wpb_row vc_row-fluid vc_row\"  style=\"padding-top: 0px; padding-bottom: 0px; \"><div class=\"row-bg-wrap\" data-bg-animation=\"none\" data-bg-animation-delay=\"\" data-bg-overlay=\"false\"><div class=\"inner-wrap row-bg-layer\" ><div class=\"row-bg viewport-desktop using-bg-color\"  style=\"background-color: #ffffff; \"><\/div><\/div><\/div><div class=\"row_col_wrap_12 col span_12 dark left\">\n\t<div  class=\"vc_col-sm-12 wpb_column column_container vc_column_container col padding-4-percent inherit_tablet inherit_phone\"  data-padding-pos=\"all\" data-has-bg-color=\"false\" data-bg-color=\"\" data-bg-opacity=\"1\" data-animation=\"\" data-delay=\"0\" >\n\t\t<div class=\"vc_column-inner\" >\n\t\t\t<div class=\"wpb_wrapper\">\n\t\t\t\t<div id=\"fws_69f4dcc8ed7d1\" data-midnight=\"\" data-column-margin=\"default\" class=\"wpb_row vc_row-fluid vc_row inner_row vc_row-o-equal-height vc_row-flex\"  style=\"\"><div class=\"row-bg-wrap\"> <div class=\"row-bg\" ><\/div> <\/div><div class=\"row_col_wrap_12_inner col span_12  left\">\n\t<div  class=\"vc_col-sm-2 wpb_column column_container vc_column_container col child_column no-extra-padding inherit_tablet inherit_phone\"   data-padding-pos=\"all\" data-has-bg-color=\"false\" data-bg-color=\"\" data-bg-opacity=\"1\" data-animation=\"\" data-delay=\"0\" >\n\t\t<div class=\"vc_column-inner\" >\n\t\t<div class=\"wpb_wrapper\">\n\t\t\t<div class=\"img-with-aniamtion-wrap  custom-size\" data-max-width=\"100%\" data-max-width-mobile=\"default\" data-border-radius=\"10px\" data-shadow=\"none\" data-animation=\"none\" >\n      <div class=\"inner\">\n        <div class=\"hover-wrap\"> \n          <div class=\"hover-wrap-inner\">\n            <img loading=\"lazy\" decoding=\"async\" class=\"img-with-animation skip-lazy\" data-delay=\"0\" height=\"150\" width=\"150\" data-animation=\"none\" src=\"https:\/\/reseausommeil.ca\/wp-content\/uploads\/2025\/12\/Feature_06-150x150.jpg\" alt=\"\" srcset=\"https:\/\/reseausommeil.ca\/wp-content\/uploads\/2025\/12\/Feature_06-150x150.jpg 150w, https:\/\/reseausommeil.ca\/wp-content\/uploads\/2025\/12\/Feature_06-500x500.jpg 500w, https:\/\/reseausommeil.ca\/wp-content\/uploads\/2025\/12\/Feature_06-768x768.jpg 768w, https:\/\/reseausommeil.ca\/wp-content\/uploads\/2025\/12\/Feature_06-300x300.jpg 300w, https:\/\/reseausommeil.ca\/wp-content\/uploads\/2025\/12\/Feature_06-12x12.jpg 12w, https:\/\/reseausommeil.ca\/wp-content\/uploads\/2025\/12\/Feature_06-100x100.jpg 100w, https:\/\/reseausommeil.ca\/wp-content\/uploads\/2025\/12\/Feature_06-140x140.jpg 140w, https:\/\/reseausommeil.ca\/wp-content\/uploads\/2025\/12\/Feature_06-350x350.jpg 350w, https:\/\/reseausommeil.ca\/wp-content\/uploads\/2025\/12\/Feature_06-800x800.jpg 800w, https:\/\/reseausommeil.ca\/wp-content\/uploads\/2025\/12\/Feature_06.jpg 1000w\" sizes=\"auto, (max-width: 150px) 100vw, 150px\" \/>\n          <\/div>\n        <\/div>\n      <\/div>\n    <\/div>\n\t\t<\/div> \n\t<\/div>\n\t<\/div> \n\n\t<div  class=\"vc_col-sm-10 wpb_column column_container vc_column_container col child_column no-extra-padding inherit_tablet inherit_phone\"   data-padding-pos=\"all\" data-has-bg-color=\"false\" data-bg-color=\"\" data-bg-opacity=\"1\" data-animation=\"\" data-delay=\"0\" >\n\t\t<div class=\"vc_column-inner\" >\n\t\t<div class=\"wpb_wrapper\">\n\t\t\t\n<div class=\"wpb_text_column wpb_content_element\" >\n\t<div class=\"wpb_wrapper\">\n\t\t<h2>SomnoNova Award<\/h2>\n<h3>Somnosciences Qu\u00e9bec<\/h3>\n\t<\/div>\n<\/div>\n\n\n\n\n\t\t<\/div> \n\t<\/div>\n\t<\/div> \n<\/div><\/div><div class=\"img-with-aniamtion-wrap center\" data-max-width=\"100%\" data-max-width-mobile=\"default\" data-shadow=\"none\" data-animation=\"none\" >\n      <div class=\"inner\">\n        <div class=\"hover-wrap\"> \n          <div class=\"hover-wrap-inner\">\n            <img loading=\"lazy\" decoding=\"async\" class=\"img-with-animation skip-lazy\" data-delay=\"0\" height=\"6\" width=\"3000\" data-animation=\"none\" src=\"https:\/\/reseausommeil.ca\/wp-content\/uploads\/2024\/09\/Separateur-1.png\" alt=\"\" srcset=\"https:\/\/reseausommeil.ca\/wp-content\/uploads\/2024\/09\/Separateur-1.png 3000w, https:\/\/reseausommeil.ca\/wp-content\/uploads\/2024\/09\/Separateur-1-500x1.png 500w, https:\/\/reseausommeil.ca\/wp-content\/uploads\/2024\/09\/Separateur-1-1024x2.png 1024w, https:\/\/reseausommeil.ca\/wp-content\/uploads\/2024\/09\/Separateur-1-768x2.png 768w, https:\/\/reseausommeil.ca\/wp-content\/uploads\/2024\/09\/Separateur-1-1536x3.png 1536w, https:\/\/reseausommeil.ca\/wp-content\/uploads\/2024\/09\/Separateur-1-2048x4.png 2048w, https:\/\/reseausommeil.ca\/wp-content\/uploads\/2024\/09\/Separateur-1-18x1.png 18w\" sizes=\"auto, (max-width: 3000px) 100vw, 3000px\" \/>\n          <\/div>\n        <\/div>\n      <\/div>\n    <\/div>\n<div class=\"wpb_text_column wpb_content_element\" >\n\t<div class=\"wpb_wrapper\">\n\t\t<p>The Quebec Sleep Research Network is pleased to present the SomnNova Award each year during its scientific conference, <a href=\"https:\/\/reseausommeil.ca\/en\/events\/somnosciences-quebec-2026\/\" target=\"_blank\" rel=\"noopener\">Somnosciences Qu\u00e9bec<\/a>. This award, valued at $750, recognizes student excellence and innovation in research in the field of sleep, circadian rhythms, and dreams.<\/p>\n<p>ntended to students at all levels (bachelor's, master's, doctoral, and postdoctoral), the SomnoNova Award recognizes a student who is the first author of a scientific article. The article must be published or officially accepted for publication in a scientific journal before<span style=\"color: #ff0000;\"> February 1, 2026<\/span>. Articles published before April 1, 2024, will not be accepted.<\/p>\n<p><strong>Eligibility<\/strong><\/p>\n<ul>\n<li>Applicants must be enrolled full-time in an undergraduate, graduate, or postgraduate program, or be a postdoctoral fellow at a Quebec university at the time of submission or publication of the scientific article.<\/li>\n<li>The person submitting the application is supervised by a principal investigator that is affiliated with a managing institution in Quebec (<a href=\"https:\/\/frq.gouv.qc.ca\/en\/managing-institutions\/\" target=\"_blank\" rel=\"noopener\">according to FRQ rules<\/a>), meets the criteria of the Fonds de recherche du Qu\u00e9bec, and is a member of the Sleep Network. To become a member of the Sleep Network, click <a href=\"https:\/\/reseausommeil.ca\/en\/devenir-membre\/\" target=\"_blank\" rel=\"noopener\">here<\/a>.<\/li>\n<li>The candidate must be the first author of the scientific article.<\/li>\n<li>The scientific article concerns a project on sleep, circadian rhythms, or dreams.<\/li>\n<li>Date of publication\/acceptance of the scientific article: April 1, 2024 \u2013 January 31, 2026\n<ul>\n<li>The next edition of this award will cover scientific articles published\/accepted between February 1, 2026, and January 31, 2027.<\/li>\n<\/ul>\n<\/li>\n<\/ul>\n<p><strong>How to submit an application<\/strong><\/p>\n<p>To submit an application for this award, you must complete the application form by <a href=\"https:\/\/forms.office.com\/r\/mxrrLGDEaX\" target=\"_blank\" rel=\"noopener\">clicking here<\/a>.<\/p>\n<p>Once the application form has been completed, three documents are required and must be sent in a single PDF file to: <a href=\"mailto:info@reseausommeil.ca\" target=\"_blank\" rel=\"noopener\">info@reseausommeil.ca<\/a>. The three documents submitted must be sent in a single PDF file, in the following order:<\/p>\n<ul>\n<li>Proof of publication or acceptance of the scientific article;<\/li>\n<li>Copy of the scientific article published or officially accepted;<\/li>\n<li>Application letter (maximum 1 page, excluding references; single-spaced, 2.5 cm margins, standard fonts, 12 point) including the following sections:\n<ul>\n<li>Summary of your scientific article<\/li>\n<li>Explanation of the importance and impact of the scientific article on the field of sleep, circadian rhythms, or dreams.<\/li>\n<\/ul>\n<\/li>\n<\/ul>\n<p><strong>Evaluation criteria<\/strong><\/p>\n<p>In addition to eligibility, the following priorities will be considered when evaluating applications:<\/p>\n<ul>\n<li>Scientific quality of the article (methodological rigor, clarity, and soundness of results)<\/li>\n<li>Impact of the scientific journal in which the article was published or accepted, as well as its impact on the field of research covered by the article<\/li>\n<li>Current and\/or potential impact of the article on advancing knowledge in the field of sleep, circadian rhythms, or dreams.<\/li>\n<\/ul>\n<p><strong>Timeline of the competition<\/strong><\/p>\n<ul>\n<li><strong>December 15, 2025 :<\/strong> Launch of the competition<\/li>\n<li><span style=\"color: #ff0000;\"><strong>February 13, 2026 :<\/strong> <\/span>Submission deadline<\/li>\n<li><strong>February 20, 2026 :<\/strong> Announcement of the winner<\/li>\n<li><strong>March 27, 2026 :<\/strong> Presentation of the winner at <a href=\"https:\/\/reseausommeil.ca\/en\/events\/somnosciences-quebec-2026\/\" target=\"_blank\" rel=\"noopener\">Somnosciences Qu\u00e9bec 2026<\/a>.<\/li>\n<\/ul>\n<p><strong>Commitment<\/strong><\/p>\n<p>The winner of the SomnoNova Award will be invited to present their research project at the Sleep Network's scientific day, <a href=\"https:\/\/reseausommeil.ca\/en\/events\/somnosciences-quebec-2026\/\" target=\"_blank\" rel=\"noopener\">Somnosciences Qu\u00e9bec 2026<\/a>.<\/p>\n\t<\/div>\n<\/div>\n\n\n\n\n<div class=\"wpb_text_column wpb_content_element\" >\n\t<div class=\"wpb_wrapper\">\n\t\t\t<\/div>\n<\/div>\n\n\n\n<div id=\"fws_69f4dcc8ee210\" data-midnight=\"\" data-column-margin=\"default\" class=\"wpb_row vc_row-fluid vc_row inner_row\"  style=\"\"><div class=\"row-bg-wrap\"> <div class=\"row-bg\" ><\/div> <\/div><div class=\"row_col_wrap_12_inner col span_12  left\">\n\t<div  class=\"vc_col-sm-6 wpb_column column_container vc_column_container col child_column centered-text left_padding_desktop_8pct top_padding_desktop_8pct right_padding_desktop_8pct bottom_padding_desktop_8pct\"   data-shadow=\"small_depth\" data-border-radius=\"10px\" data-padding-pos=\"all\" data-has-bg-color=\"false\" data-bg-color=\"\" data-bg-opacity=\"1\" data-animation=\"\" data-delay=\"0\" >\n\t\t<div class=\"vc_column-inner\" ><div class=\"column-bg-overlay-wrap column-bg-layer\" data-bg-animation=\"none\"><div class=\"column-bg-overlay\"><\/div><\/div>\n\t\t<div class=\"wpb_wrapper\">\n\t\t\t\n<div class=\"wpb_text_column wpb_content_element\" >\n\t<div class=\"wpb_wrapper\">\n\t\t<p style=\"font-weight: 400;\">The Quebec Sleep Research Network is powered by the Fonds de recherche du Qu\u00e9bec.<\/p>\n\t<\/div>\n<\/div>\n\n\n\n<div class=\"img-with-aniamtion-wrap  custom-size\" data-max-width=\"100%\" data-max-width-mobile=\"default\" data-shadow=\"none\" data-animation=\"none\" >\n      <div class=\"inner\">\n        <div class=\"hover-wrap\"> \n          <div class=\"hover-wrap-inner\">\n            <img loading=\"lazy\" decoding=\"async\" class=\"img-with-animation skip-lazy\" data-delay=\"0\" height=\"114\" width=\"300\" data-animation=\"none\" src=\"https:\/\/reseausommeil.ca\/wp-content\/uploads\/2024\/02\/logo-frqs-couleur-300x114.jpg\" alt=\"\" srcset=\"https:\/\/reseausommeil.ca\/wp-content\/uploads\/2024\/02\/logo-frqs-couleur-300x114.jpg 300w, https:\/\/reseausommeil.ca\/wp-content\/uploads\/2024\/02\/logo-frqs-couleur-768x292.jpg 768w, https:\/\/reseausommeil.ca\/wp-content\/uploads\/2024\/02\/logo-frqs-couleur-18x7.jpg 18w, https:\/\/reseausommeil.ca\/wp-content\/uploads\/2024\/02\/logo-frqs-couleur.jpg 967w\" sizes=\"auto, (max-width: 300px) 100vw, 300px\" \/>\n          <\/div>\n        <\/div>\n      <\/div>\n    <\/div>\n\t\t<\/div> \n\t<\/div>\n\t<\/div> \n<\/div><\/div>\n<div class=\"wpb_text_column wpb_content_element\" >\n\t<div class=\"wpb_wrapper\">\n\t\t<p>This page was last edited on <span style=\"color: #ff0000;\">January 29, 2026, at 4:45 p.m. (Eastern Time)<\/span>.<\/p>\n\t<\/div>\n<\/div>\n\n\n\n\n\t\t\t<\/div> \n\t\t<\/div>\n\t<\/div> \n<\/div><\/div>\n\t\t<div id=\"fws_69f4dcc8ee745\"  data-column-margin=\"none\" data-midnight=\"dark\"  class=\"wpb_row vc_row-fluid vc_row\"  style=\"padding-top: 0px; padding-bottom: 0px; \"><div class=\"row-bg-wrap\" data-bg-animation=\"none\" data-bg-animation-delay=\"\" data-bg-overlay=\"false\"><div class=\"inner-wrap row-bg-layer\" ><div class=\"row-bg viewport-desktop\"  style=\"\"><\/div><\/div><\/div><div class=\"row_col_wrap_12 col span_12 dark left\">\n\t<div  class=\"vc_col-sm-12 wpb_column column_container vc_column_container col no-extra-padding inherit_tablet inherit_phone\"  data-padding-pos=\"all\" data-has-bg-color=\"false\" data-bg-color=\"\" data-bg-opacity=\"1\" data-animation=\"\" data-delay=\"0\" >\n\t\t<div class=\"vc_column-inner\" >\n\t\t\t<div class=\"wpb_wrapper\">\n\t\t\t\t\n\t\t<div id=\"fws_69f4dcc8eea6f\"  data-column-margin=\"none\" data-midnight=\"light\"  class=\"wpb_row vc_row-fluid vc_row full-width-section  right_padding_0px left_padding_0px top_padding_tablet_12pct bottom_padding_tablet_12pct\"  style=\"padding-top: 30px; padding-bottom: 30px; \"><div class=\"row-bg-wrap\" data-bg-animation=\"none\" data-bg-animation-delay=\"\" data-bg-overlay=\"false\"><div class=\"inner-wrap row-bg-layer\" ><div class=\"row-bg viewport-desktop using-bg-color\"  style=\"background-color: #4c4c4c; \"><\/div><\/div><\/div><div class=\"nectar-shape-divider-wrap\" style=\" height:1px;\"  data-height=\"1\" data-front=\"\" data-style=\"straight_section\" data-position=\"top\" ><svg class=\"nectar-shape-divider\" aria-hidden=\"true\" fill=\"rgba(0,0,0,0.1)\" xmlns=\"http:\/\/www.w3.org\/2000\/svg\" viewbox=\"0 0 100 10\" preserveaspectratio=\"none\"> <polygon points=\"104 10, 104 0, 0 0, 0 10\"><\/polygon> <\/svg><\/div><div class=\"nectar-shape-divider-wrap\" style=\" height:1px;\"  data-height=\"1\" data-front=\"\" data-style=\"straight_section\" data-position=\"bottom\" ><svg class=\"nectar-shape-divider\" aria-hidden=\"true\" fill=\"rgba(0,0,0,0.1)\" xmlns=\"http:\/\/www.w3.org\/2000\/svg\" viewbox=\"0 0 100 10\" preserveaspectratio=\"none\"> <polygon points=\"104 10, 104 0, 0 0, 0 10\"><\/polygon> <\/svg><\/div><div class=\"row_col_wrap_12 col span_12 light left\">\n\t<div  class=\"vc_col-sm-3 wpb_column column_container vc_column_container col no-extra-padding force-phone-text-align-center inherit_tablet inherit_phone\"  data-padding-pos=\"all\" data-has-bg-color=\"false\" data-bg-color=\"\" data-bg-opacity=\"1\" data-animation=\"\" data-delay=\"0\" >\n\t\t<div class=\"vc_column-inner\" >\n\t\t\t<div class=\"wpb_wrapper\">\n\t\t\t\t<div id=\"fws_69f4dcc8eeb7d\" data-midnight=\"\" data-column-margin=\"none\" class=\"wpb_row vc_row-fluid vc_row inner_row vc_row-o-content-bottom\"  style=\"padding-bottom: 10px; \"><div class=\"row-bg-wrap\"> <div class=\"row-bg\" ><\/div> <\/div><div class=\"row_col_wrap_12_inner col span_12  left\">\n\t<div  class=\"vc_col-sm-12 wpb_column column_container vc_column_container col child_column no-extra-padding inherit_tablet inherit_phone\"   data-padding-pos=\"all\" data-has-bg-color=\"false\" data-bg-color=\"\" data-bg-opacity=\"1\" data-animation=\"\" data-delay=\"0\" >\n\t\t<div class=\"vc_column-inner\" >\n\t\t<div class=\"wpb_wrapper\">\n\t\t\t\n<div class=\"wpb_text_column wpb_content_element  vc_custom_1713191625711\" >\n\t<div class=\"wpb_wrapper\">\n\t\t<h3>Contact us<\/h3>\n<p><a href=\"mailto:info@reseausommeil.ca\">info@reseausommeil.ca<\/a><\/p>\n\t<\/div>\n<\/div>\n\n\n\n\n\t\t<\/div> \n\t<\/div>\n\t<\/div> \n<\/div><\/div><div id=\"fws_69f4dcc8eecb7\" data-midnight=\"\" data-column-margin=\"none\" class=\"wpb_row vc_row-fluid vc_row inner_row\"  style=\"\"><div class=\"row-bg-wrap\"> <div class=\"row-bg\" ><\/div> <\/div><div class=\"row_col_wrap_12_inner col span_12  left\">\n\t<div  class=\"vc_col-sm-3 wpb_column column_container vc_column_container col child_column no-extra-padding inherit_tablet inherit_phone\"   data-padding-pos=\"all\" data-has-bg-color=\"false\" data-bg-color=\"\" data-bg-opacity=\"1\" data-animation=\"\" data-delay=\"0\" >\n\t\t<div class=\"vc_column-inner\" >\n\t\t<div class=\"wpb_wrapper\">\n\t\t\t<div class=\"img-with-aniamtion-wrap\" data-max-width=\"100%\" data-max-width-mobile=\"default\" data-shadow=\"none\" data-animation=\"none\" >\n      <div class=\"inner\">\n        <div class=\"hover-wrap\"> \n          <div class=\"hover-wrap-inner\">\n            <a href=\"https:\/\/www.facebook.com\/ReseauSommeilQc\" target=\"_blank\" class=\"\">\n              <img loading=\"lazy\" decoding=\"async\" class=\"img-with-animation skip-lazy\" data-delay=\"0\" height=\"56\" width=\"56\" data-animation=\"none\" src=\"https:\/\/reseausommeil.ca\/wp-content\/uploads\/2024\/11\/Icon-FB.png\" alt=\"\" srcset=\"https:\/\/reseausommeil.ca\/wp-content\/uploads\/2024\/11\/Icon-FB.png 56w, https:\/\/reseausommeil.ca\/wp-content\/uploads\/2024\/11\/Icon-FB-12x12.png 12w\" sizes=\"auto, (max-width: 56px) 100vw, 56px\" \/>\n            <\/a>\n          <\/div>\n        <\/div>\n      <\/div>\n      <\/div>\n\t\t<\/div> \n\t<\/div>\n\t<\/div> \n\n\t<div  class=\"vc_col-sm-3 wpb_column column_container vc_column_container col child_column no-extra-padding inherit_tablet inherit_phone\"   data-padding-pos=\"all\" data-has-bg-color=\"false\" data-bg-color=\"\" data-bg-opacity=\"1\" data-animation=\"\" data-delay=\"0\" >\n\t\t<div class=\"vc_column-inner\" >\n\t\t<div class=\"wpb_wrapper\">\n\t\t\t<div class=\"img-with-aniamtion-wrap\" data-max-width=\"100%\" data-max-width-mobile=\"default\" data-shadow=\"none\" data-animation=\"none\" >\n      <div class=\"inner\">\n        <div class=\"hover-wrap\"> \n          <div class=\"hover-wrap-inner\">\n            <a href=\"https:\/\/bsky.app\/profile\/reseausommeil.bsky.social\" target=\"_blank\" class=\"\">\n              <img loading=\"lazy\" decoding=\"async\" class=\"img-with-animation skip-lazy\" data-delay=\"0\" height=\"56\" width=\"56\" data-animation=\"none\" src=\"https:\/\/reseausommeil.ca\/wp-content\/uploads\/2024\/11\/Icon-BS.png\" alt=\"\" srcset=\"https:\/\/reseausommeil.ca\/wp-content\/uploads\/2024\/11\/Icon-BS.png 56w, https:\/\/reseausommeil.ca\/wp-content\/uploads\/2024\/11\/Icon-BS-12x12.png 12w\" sizes=\"auto, (max-width: 56px) 100vw, 56px\" \/>\n            <\/a>\n          <\/div>\n        <\/div>\n      <\/div>\n      <\/div>\n\t\t<\/div> \n\t<\/div>\n\t<\/div> \n\n\t<div  class=\"vc_col-sm-3 wpb_column column_container vc_column_container col child_column no-extra-padding inherit_tablet inherit_phone\"   data-padding-pos=\"all\" data-has-bg-color=\"false\" data-bg-color=\"\" data-bg-opacity=\"1\" data-animation=\"\" data-delay=\"0\" >\n\t\t<div class=\"vc_column-inner\" >\n\t\t<div class=\"wpb_wrapper\">\n\t\t\t\n\t\t<\/div> \n\t<\/div>\n\t<\/div> \n\n\t<div  class=\"vc_col-sm-3 wpb_column column_container vc_column_container col child_column no-extra-padding inherit_tablet inherit_phone\"   data-padding-pos=\"all\" data-has-bg-color=\"false\" data-bg-color=\"\" data-bg-opacity=\"1\" data-animation=\"\" data-delay=\"0\" >\n\t\t<div class=\"vc_column-inner\" >\n\t\t<div class=\"wpb_wrapper\">\n\t\t\t\n\t\t<\/div> \n\t<\/div>\n\t<\/div> \n<\/div><\/div>\n\t\t\t<\/div> \n\t\t<\/div>\n\t<\/div> \n\n\t<div  class=\"vc_col-sm-6 wpb_column column_container vc_column_container col no-extra-padding inherit_tablet inherit_phone\"  data-padding-pos=\"all\" data-has-bg-color=\"false\" data-bg-color=\"\" data-bg-opacity=\"1\" data-animation=\"\" data-delay=\"0\" >\n\t\t<div class=\"vc_column-inner\" >\n\t\t\t<div class=\"wpb_wrapper\">\n\t\t\t\t<div id=\"fws_69f4dcc8ef3b6\" data-midnight=\"\" data-column-margin=\"default\" class=\"wpb_row vc_row-fluid vc_row inner_row  vc_custom_1732637829214\"  style=\"\"><div class=\"row-bg-wrap\"> <div class=\"row-bg\" ><\/div> <\/div><div class=\"row_col_wrap_12_inner col span_12  left\">\n\t<div  class=\"vc_col-sm-12 wpb_column column_container vc_column_container col child_column no-extra-padding inherit_tablet inherit_phone\"   data-padding-pos=\"all\" data-has-bg-color=\"false\" data-bg-color=\"\" data-bg-opacity=\"1\" data-animation=\"\" data-delay=\"0\" >\n\t\t<div class=\"vc_column-inner\" >\n\t\t<div class=\"wpb_wrapper\">\n\t\t\t\n<div class=\"wpb_text_column wpb_content_element\" >\n\t<div class=\"wpb_wrapper\">\n\t\t<h3>Quebec Sleep Research Network<\/h3>\n<p>CIUSSS du Nord de l\u2019\u00cele-de-Montr\u00e9al<br \/>\n5400 boul. Gouin Ouest, local J-5105<br \/>\nMontr\u00e9al, Qc.<br \/>\nH4J 1C4<\/p>\n\t<\/div>\n<\/div>\n\n\n\n\n\t\t<\/div> \n\t<\/div>\n\t<\/div> \n<\/div><\/div>\n\t\t\t<\/div> \n\t\t<\/div>\n\t<\/div> \n\n\t<div  class=\"vc_col-sm-3 wpb_column column_container vc_column_container col no-extra-padding inherit_tablet inherit_phone\"  data-padding-pos=\"all\" data-has-bg-color=\"false\" data-bg-color=\"\" data-bg-opacity=\"1\" data-animation=\"\" data-delay=\"0\" >\n\t\t<div class=\"vc_column-inner\" >\n\t\t\t<div class=\"wpb_wrapper\">\n\t\t\t\t<div id=\"fws_69f4dcc8ef55f\" data-midnight=\"\" data-column-margin=\"default\" class=\"wpb_row vc_row-fluid vc_row inner_row  vc_custom_1708222288477\"  style=\"\"><div class=\"row-bg-wrap\"> <div class=\"row-bg\" ><\/div> <\/div><div class=\"row_col_wrap_12_inner col span_12  left\">\n\t<div  class=\"vc_col-sm-12 wpb_column column_container vc_column_container col child_column centered-text no-extra-padding inherit_tablet inherit_phone\"   data-padding-pos=\"all\" data-has-bg-color=\"false\" data-bg-color=\"\" data-bg-opacity=\"1\" data-animation=\"\" data-delay=\"0\" >\n\t\t<div class=\"vc_column-inner\" >\n\t\t<div class=\"wpb_wrapper\">\n\t\t\t\n<div class=\"wpb_text_column wpb_content_element\" >\n\t<div class=\"wpb_wrapper\">\n\t\t<h3>Stay tuned for the latest news!<\/h3>\n\t<\/div>\n<\/div>\n\n\n\n<a class=\"nectar-button large regular accent-color  regular-button\"  style=\"\"  href=\"https:\/\/reseausommeil.ca\/en\/infolettre\/\" data-color-override=\"false\" data-hover-color-override=\"false\" data-hover-text-color-override=\"#fff\"><span>Subscribe to the newsletter<\/span><\/a>\n\t\t<\/div> \n\t<\/div>\n\t<\/div> \n<\/div><\/div>\n\t\t\t<\/div> \n\t\t<\/div>\n\t<\/div> \n<\/div><\/div>\n<style type=\"text\/css\" data-type=\"vc_shortcodes-custom-css\">.vc_custom_1713191625711{margin-bottom: 10px !important;}.vc_custom_1732637829214{padding-left: 4% !important;}.vc_custom_1708222288477{padding-top: 20px !important;padding-right: 10px !important;padding-bottom: 20px !important;padding-left: 10px !important;background: #000000 url(https:\/\/reseausommeil.ca\/wp-content\/uploads\/2024\/02\/FeaturedImage-bg-6.jpg?id=1133) !important;background-position: center !important;background-repeat: no-repeat !important;background-size: cover !important;border-radius: 10px !important;}<\/style>\n\t\t\t<\/div> \n\t\t<\/div>\n\t<\/div> \n<\/div><\/div>\n\t\t<div id=\"fws_69f4dcc8ef8b1\"  data-column-margin=\"default\" data-midnight=\"dark\"  class=\"wpb_row vc_row-fluid vc_row\"  style=\"padding-top: 0px; padding-bottom: 0px; \"><div class=\"row-bg-wrap\" data-bg-animation=\"none\" data-bg-animation-delay=\"\" data-bg-overlay=\"false\"><div class=\"inner-wrap row-bg-layer\" ><div class=\"row-bg viewport-desktop\"  style=\"\"><\/div><\/div><\/div><div class=\"row_col_wrap_12 col span_12 dark left\">\n\t<div  class=\"vc_col-sm-12 wpb_column column_container vc_column_container col no-extra-padding inherit_tablet inherit_phone\"  data-padding-pos=\"all\" data-has-bg-color=\"false\" data-bg-color=\"\" data-bg-opacity=\"1\" data-animation=\"\" data-delay=\"0\" >\n\t\t<div class=\"vc_column-inner\" >\n\t\t\t<div class=\"wpb_wrapper\">\n\t\t\t\t\n\t\t<div id=\"fws_69f4dcc8efac0\"  data-column-margin=\"none\" data-midnight=\"light\"  class=\"wpb_row vc_row-fluid vc_row full-width-section  right_padding_0px left_padding_0px top_padding_tablet_6pct bottom_padding_tablet_6pct\"  style=\"padding-top: 28px; padding-bottom: 28px; \"><div class=\"row-bg-wrap\" data-bg-animation=\"none\" data-bg-animation-delay=\"\" data-bg-overlay=\"false\"><div class=\"inner-wrap row-bg-layer\" ><div class=\"row-bg viewport-desktop using-bg-color\"  style=\"background-color: #000000; \"><\/div><\/div><\/div><div class=\"row_col_wrap_12 col span_12 light left\">\n\t<div  class=\"vc_col-sm-6 wpb_column column_container vc_column_container col no-extra-padding force-tablet-text-align-center force-phone-text-align-center inherit_tablet inherit_phone\"  data-padding-pos=\"all\" data-has-bg-color=\"false\" data-bg-color=\"\" data-bg-opacity=\"1\" data-animation=\"\" data-delay=\"0\" >\n\t\t<div class=\"vc_column-inner\" >\n\t\t\t<div class=\"wpb_wrapper\">\n\t\t\t\t\n<div class=\"wpb_text_column wpb_content_element\" >\n\t<div class=\"wpb_wrapper\">\n\t\t<p><b>\u00a9 <\/b><span class=\"nectar-current-year\">2026<\/span> Quebec Sleep Research Network<\/p>\n\t<\/div>\n<\/div>\n\n\n\n\n\t\t\t<\/div> \n\t\t<\/div>\n\t<\/div> \n<\/div><\/div>\n\n\t\t\t<\/div> \n\t\t<\/div>\n\t<\/div> \n<\/div><\/div>","protected":false},"excerpt":{"rendered":"Prix SomnoNova Somnosciences Qu\u00e9bec Le R\u00e9seau qu\u00e9b\u00e9cois de recherche sur le sommeil est heureux de remettre le Prix SomnNova chaque ann\u00e9e lors de sa journ\u00e9e scientifique, Somnosciences Qu\u00e9bec. Ce prix...","protected":false},"author":1,"featured_media":0,"parent":0,"menu_order":0,"comment_status":"closed","ping_status":"closed","template":"","meta":{"_acf_changed":false,"_seopress_robots_primary_cat":"","_seopress_titles_title":"Prix SomnoNova","_seopress_titles_desc":"","_seopress_robots_index":"","footnotes":""},"class_list":["post-4215","page","type-page","status-publish"],"acf":[],"_links":{"self":[{"href":"https:\/\/reseausommeil.ca\/en\/wp-json\/wp\/v2\/pages\/4215","targetHints":{"allow":["GET"]}}],"collection":[{"href":"https:\/\/reseausommeil.ca\/en\/wp-json\/wp\/v2\/pages"}],"about":[{"href":"https:\/\/reseausommeil.ca\/en\/wp-json\/wp\/v2\/types\/page"}],"author":[{"embeddable":true,"href":"https:\/\/reseausommeil.ca\/en\/wp-json\/wp\/v2\/users\/1"}],"replies":[{"embeddable":true,"href":"https:\/\/reseausommeil.ca\/en\/wp-json\/wp\/v2\/comments?post=4215"}],"version-history":[{"count":14,"href":"https:\/\/reseausommeil.ca\/en\/wp-json\/wp\/v2\/pages\/4215\/revisions"}],"predecessor-version":[{"id":5724,"href":"https:\/\/reseausommeil.ca\/en\/wp-json\/wp\/v2\/pages\/4215\/revisions\/5724"}],"wp:attachment":[{"href":"https:\/\/reseausommeil.ca\/en\/wp-json\/wp\/v2\/media?parent=4215"}],"curies":[{"name":"wp","href":"https:\/\/api.w.org\/{rel}","templated":true}]}}