{"id":4214,"date":"2025-12-16T19:33:44","date_gmt":"2025-12-17T00:33:44","guid":{"rendered":"https:\/\/reseausommeil.ca\/?page_id=4214"},"modified":"2026-01-29T16:41:48","modified_gmt":"2026-01-29T21:41:48","slug":"financement-prix-somnovox","status":"publish","type":"page","link":"https:\/\/reseausommeil.ca\/en\/financement-prix-somnovox\/","title":{"rendered":"Financement &#8211; Prix SomnoVox"},"content":{"rendered":"<div id=\"fws_69f4dc2244207\"  data-br=\"10px\" data-br-applies=\"bg\" data-column-margin=\"default\" data-midnight=\"dark\"  class=\"wpb_row vc_row-fluid vc_row\"  style=\"padding-top: 0px; padding-bottom: 0px; \"><div class=\"row-bg-wrap\" data-bg-animation=\"none\" data-bg-animation-delay=\"\" data-bg-overlay=\"false\"><div class=\"inner-wrap row-bg-layer\" ><div class=\"row-bg viewport-desktop using-bg-color\"  style=\"background-color: #ffffff; \"><\/div><\/div><\/div><div class=\"row_col_wrap_12 col span_12 dark left\">\n\t<div  class=\"vc_col-sm-12 wpb_column column_container vc_column_container col padding-4-percent inherit_tablet inherit_phone\"  data-padding-pos=\"all\" data-has-bg-color=\"false\" data-bg-color=\"\" data-bg-opacity=\"1\" data-animation=\"\" data-delay=\"0\" >\n\t\t<div class=\"vc_column-inner\" >\n\t\t\t<div class=\"wpb_wrapper\">\n\t\t\t\t<div id=\"fws_69f4dc224466f\" data-midnight=\"\" data-column-margin=\"default\" class=\"wpb_row vc_row-fluid vc_row inner_row vc_row-o-equal-height vc_row-flex\"  style=\"\"><div class=\"row-bg-wrap\"> <div class=\"row-bg\" ><\/div> <\/div><div class=\"row_col_wrap_12_inner col span_12  left\">\n\t<div  class=\"vc_col-sm-2 wpb_column column_container vc_column_container col child_column no-extra-padding inherit_tablet inherit_phone\"   data-padding-pos=\"all\" data-has-bg-color=\"false\" data-bg-color=\"\" data-bg-opacity=\"1\" data-animation=\"\" data-delay=\"0\" >\n\t\t<div class=\"vc_column-inner\" >\n\t\t<div class=\"wpb_wrapper\">\n\t\t\t<div class=\"img-with-aniamtion-wrap  custom-size\" data-max-width=\"100%\" data-max-width-mobile=\"default\" data-border-radius=\"10px\" data-shadow=\"none\" data-animation=\"none\" >\n      <div class=\"inner\">\n        <div class=\"hover-wrap\"> \n          <div class=\"hover-wrap-inner\">\n            <img loading=\"lazy\" decoding=\"async\" class=\"img-with-animation skip-lazy\" data-delay=\"0\" height=\"150\" width=\"150\" data-animation=\"none\" src=\"https:\/\/reseausommeil.ca\/wp-content\/uploads\/2025\/12\/Feature_07-150x150.jpg\" alt=\"\" srcset=\"https:\/\/reseausommeil.ca\/wp-content\/uploads\/2025\/12\/Feature_07-150x150.jpg 150w, https:\/\/reseausommeil.ca\/wp-content\/uploads\/2025\/12\/Feature_07-500x500.jpg 500w, https:\/\/reseausommeil.ca\/wp-content\/uploads\/2025\/12\/Feature_07-768x768.jpg 768w, https:\/\/reseausommeil.ca\/wp-content\/uploads\/2025\/12\/Feature_07-300x300.jpg 300w, https:\/\/reseausommeil.ca\/wp-content\/uploads\/2025\/12\/Feature_07-12x12.jpg 12w, https:\/\/reseausommeil.ca\/wp-content\/uploads\/2025\/12\/Feature_07-100x100.jpg 100w, https:\/\/reseausommeil.ca\/wp-content\/uploads\/2025\/12\/Feature_07-140x140.jpg 140w, https:\/\/reseausommeil.ca\/wp-content\/uploads\/2025\/12\/Feature_07-350x350.jpg 350w, https:\/\/reseausommeil.ca\/wp-content\/uploads\/2025\/12\/Feature_07-800x800.jpg 800w, https:\/\/reseausommeil.ca\/wp-content\/uploads\/2025\/12\/Feature_07.jpg 1000w\" sizes=\"auto, (max-width: 150px) 100vw, 150px\" \/>\n          <\/div>\n        <\/div>\n      <\/div>\n    <\/div>\n\t\t<\/div> \n\t<\/div>\n\t<\/div> \n\n\t<div  class=\"vc_col-sm-10 wpb_column column_container vc_column_container col child_column no-extra-padding inherit_tablet inherit_phone\"   data-padding-pos=\"all\" data-has-bg-color=\"false\" data-bg-color=\"\" data-bg-opacity=\"1\" data-animation=\"\" data-delay=\"0\" >\n\t\t<div class=\"vc_column-inner\" >\n\t\t<div class=\"wpb_wrapper\">\n\t\t\t\n<div class=\"wpb_text_column wpb_content_element\" >\n\t<div class=\"wpb_wrapper\">\n\t\t<h2>SomnoVox Award<\/h2>\n<h3>Somnosciences Qu\u00e9bec<\/h3>\n\t<\/div>\n<\/div>\n\n\n\n\n\t\t<\/div> \n\t<\/div>\n\t<\/div> \n<\/div><\/div><div class=\"img-with-aniamtion-wrap center\" data-max-width=\"100%\" data-max-width-mobile=\"default\" data-shadow=\"none\" data-animation=\"none\" >\n      <div class=\"inner\">\n        <div class=\"hover-wrap\"> \n          <div class=\"hover-wrap-inner\">\n            <img loading=\"lazy\" decoding=\"async\" class=\"img-with-animation skip-lazy\" data-delay=\"0\" height=\"6\" width=\"3000\" data-animation=\"none\" src=\"https:\/\/reseausommeil.ca\/wp-content\/uploads\/2024\/09\/Separateur-1.png\" alt=\"\" srcset=\"https:\/\/reseausommeil.ca\/wp-content\/uploads\/2024\/09\/Separateur-1.png 3000w, https:\/\/reseausommeil.ca\/wp-content\/uploads\/2024\/09\/Separateur-1-500x1.png 500w, https:\/\/reseausommeil.ca\/wp-content\/uploads\/2024\/09\/Separateur-1-1024x2.png 1024w, https:\/\/reseausommeil.ca\/wp-content\/uploads\/2024\/09\/Separateur-1-768x2.png 768w, https:\/\/reseausommeil.ca\/wp-content\/uploads\/2024\/09\/Separateur-1-1536x3.png 1536w, https:\/\/reseausommeil.ca\/wp-content\/uploads\/2024\/09\/Separateur-1-2048x4.png 2048w, https:\/\/reseausommeil.ca\/wp-content\/uploads\/2024\/09\/Separateur-1-18x1.png 18w\" sizes=\"auto, (max-width: 3000px) 100vw, 3000px\" \/>\n          <\/div>\n        <\/div>\n      <\/div>\n    <\/div>\n<div class=\"wpb_text_column wpb_content_element\" >\n\t<div class=\"wpb_wrapper\">\n\t\t<p>The SomnoVox Award is presented each year during the scientific conference of the Quebec Sleep Research Network, <a href=\"https:\/\/reseausommeil.ca\/en\/events\/somnosciences-quebec-2026\/\" target=\"_blank\" rel=\"noopener\">Somnosciences Qu\u00e9bec<\/a>. This $750 award recognizes and encourages student projects that promote knowledge mobilization and transfer.<\/p>\n<p>The SomnoVox Award recognizes a student (bachelor's, master's, doctoral, or postdoctoral) whose significant contribution has promoted the transfer and advancement of knowledge in the field of sleep, circadian rhythms, and dreams. The submitted project must have taken place before<span style=\"color: #ff0000;\"> February 1, 2026<\/span>. Eligible projects include, but are not limited to:<\/p>\n<ul>\n<li>Participation in a media interview;<\/li>\n<li>Creation of visual material (infographics, video clips, etc.);<\/li>\n<li>Organization of a knowledge transfer or mobilization event;<\/li>\n<li>Etc.<\/li>\n<\/ul>\n<p><strong>Eligibility<\/strong><\/p>\n<ul>\n<li>The applicant must be enrolled full-time in an undergraduate, graduate, or postgraduate program, or be a postdoctoral fellow at a university institution in Quebec at the time the project took place.<\/li>\n<li>The person submitting the application is supervised by a principal investigator that is affiliated with a managing institution in Quebec (<a href=\"https:\/\/frq.gouv.qc.ca\/en\/managing-institutions\/\" target=\"_blank\" rel=\"noopener\">according to FRQ rules<\/a>), meets the criteria of the Fonds de recherche du Qu\u00e9bec, and is a member of the Sleep Network. To become a member of the Sleep Network, click <a href=\"https:\/\/reseausommeil.ca\/en\/devenir-membre\/\" target=\"_blank\" rel=\"noopener\">here<\/a> ;<\/li>\n<li>The project focuses on sleep, circadian rhythms, or dreams;<\/li>\n<li>The project took place between April 1, 2024, and January 31, 2026.\n<ul>\n<li>The next edition of this award will cover projects taking place from February 1, 2026, to January 31, 2027.<\/li>\n<\/ul>\n<\/li>\n<\/ul>\n<p>Please note that the same person cannot receive this award more than once for the same activity.<\/p>\n<p><strong>How to submit an application<\/strong><\/p>\n<p>To submit an application for this award, you must complete the application form by <a href=\"https:\/\/forms.office.com\/Pages\/ResponsePage.aspx?id=KP7hBotfdUC_bK4kvhp5kh3or9dH3bdHubvRkEUtqtxUQUNWREVINEI4Tjg1SVJLNFhDVEk1MkdPNi4u\" target=\"_blank\" rel=\"noopener\">clicking here<\/a>.<\/p>\n<p>Once you have completed the application form, you must send an application letter to:<a href=\"mailto:info@reseausommeil.ca\" target=\"_blank\" rel=\"noopener\"> info@reseausommeil.ca<\/a>. The application letter must be sent as a single PDF document (maximum 1 1\/2 pages, excluding references; single-spaced, 2.5 cm margins, standard fonts, 12 points) and contain the following:<\/p>\n<ul>\n<li><strong>Team composition<\/strong>\u00a0(if applicable): Last name, first name, primary affiliation, role, and career\/study level of each team member;<\/li>\n<li><strong>Project description<\/strong> (maximum 1 page) ;\n<ul>\n<li>You may include a link to your project in the appendix. For projects involving the creation of visual material (e.g., infographics), you may also include the file in the appendix.<\/li>\n<\/ul>\n<\/li>\n<li><strong>Description of the actual and\/or potential impact<\/strong> of the project on its target audience and in the field of sleep, circadian rhythms, or dreams (maximum 1\/2 page).<\/li>\n<\/ul>\n<p><strong>Evaluation criteria<\/strong><\/p>\n<p>In addition to eligibility, the following priorities will be considered when evaluating applications:<\/p>\n<ul>\n<li>Clarity of the project description<\/li>\n<li>Justification and relevance of the project<\/li>\n<li>Actual or potential impact of the project on the transfer and appreciation of knowledge in the fields of sleep, circadian rhythms, and dreams<\/li>\n<\/ul>\n<p><strong>Timeline of the competition<\/strong><\/p>\n<ul>\n<li><strong>December 15, 2025 :<\/strong> Launch of the competition<\/li>\n<li><span style=\"color: #ff0000;\"><strong>February 13, 2026 :<\/strong><\/span> Submission deadline<\/li>\n<li><strong>February 20, 2026 :<\/strong> Announcement of the winner<\/li>\n<li><strong>March 27, 2026 :<\/strong> Presentation of the winner at <a href=\"https:\/\/reseausommeil.ca\/en\/events\/somnosciences-quebec-2026\/\" target=\"_blank\" rel=\"noopener\">Somnosciences Qu\u00e9bec 2026<\/a>.<\/li>\n<\/ul>\n<p><strong>Commitment<\/strong><\/p>\n<p>The winner of the SomnoVox Award will be invited to present their project at the Sleep Network's scientific day, <a href=\"https:\/\/reseausommeil.ca\/en\/events\/somnosciences-quebec-2026\/\" target=\"_blank\" rel=\"noopener\">Somnosciences Qu\u00e9bec 2026<\/a>.<\/p>\n\t<\/div>\n<\/div>\n\n\n\n\n<div class=\"wpb_text_column wpb_content_element\" >\n\t<div class=\"wpb_wrapper\">\n\t\t\t<\/div>\n<\/div>\n\n\n\n<div id=\"fws_69f4dc22456cf\" data-midnight=\"\" data-column-margin=\"default\" class=\"wpb_row vc_row-fluid vc_row inner_row\"  style=\"\"><div class=\"row-bg-wrap\"> <div class=\"row-bg\" ><\/div> <\/div><div class=\"row_col_wrap_12_inner col span_12  left\">\n\t<div  class=\"vc_col-sm-6 wpb_column column_container vc_column_container col child_column centered-text left_padding_desktop_8pct top_padding_desktop_8pct right_padding_desktop_8pct bottom_padding_desktop_8pct\"   data-shadow=\"small_depth\" data-border-radius=\"10px\" data-padding-pos=\"all\" data-has-bg-color=\"false\" data-bg-color=\"\" data-bg-opacity=\"1\" data-animation=\"\" data-delay=\"0\" >\n\t\t<div class=\"vc_column-inner\" ><div class=\"column-bg-overlay-wrap column-bg-layer\" data-bg-animation=\"none\"><div class=\"column-bg-overlay\"><\/div><\/div>\n\t\t<div class=\"wpb_wrapper\">\n\t\t\t\n<div class=\"wpb_text_column wpb_content_element\" >\n\t<div class=\"wpb_wrapper\">\n\t\t<p style=\"font-weight: 400;\">The Quebec Sleep Research Network is powered by the Fonds de recherche du Qu\u00e9bec.<\/p>\n\t<\/div>\n<\/div>\n\n\n\n<div class=\"img-with-aniamtion-wrap  custom-size\" data-max-width=\"100%\" data-max-width-mobile=\"default\" data-shadow=\"none\" data-animation=\"none\" >\n      <div class=\"inner\">\n        <div class=\"hover-wrap\"> \n          <div class=\"hover-wrap-inner\">\n            <img loading=\"lazy\" decoding=\"async\" class=\"img-with-animation skip-lazy\" data-delay=\"0\" height=\"114\" width=\"300\" data-animation=\"none\" src=\"https:\/\/reseausommeil.ca\/wp-content\/uploads\/2024\/02\/logo-frqs-couleur-300x114.jpg\" alt=\"\" srcset=\"https:\/\/reseausommeil.ca\/wp-content\/uploads\/2024\/02\/logo-frqs-couleur-300x114.jpg 300w, https:\/\/reseausommeil.ca\/wp-content\/uploads\/2024\/02\/logo-frqs-couleur-768x292.jpg 768w, https:\/\/reseausommeil.ca\/wp-content\/uploads\/2024\/02\/logo-frqs-couleur-18x7.jpg 18w, https:\/\/reseausommeil.ca\/wp-content\/uploads\/2024\/02\/logo-frqs-couleur.jpg 967w\" sizes=\"auto, (max-width: 300px) 100vw, 300px\" \/>\n          <\/div>\n        <\/div>\n      <\/div>\n    <\/div>\n\t\t<\/div> \n\t<\/div>\n\t<\/div> \n<\/div><\/div>\n<div class=\"wpb_text_column wpb_content_element\" >\n\t<div class=\"wpb_wrapper\">\n\t\t<p>This page was last edited on <span style=\"color: #ff0000;\">January 29, 2026, at 4:45 p.m. (Eastern Time)<\/span>.<\/p>\n\t<\/div>\n<\/div>\n\n\n\n\n\t\t\t<\/div> \n\t\t<\/div>\n\t<\/div> \n<\/div><\/div>\n\t\t<div id=\"fws_69f4dc2245d11\"  data-column-margin=\"none\" data-midnight=\"dark\"  class=\"wpb_row vc_row-fluid vc_row\"  style=\"padding-top: 0px; padding-bottom: 0px; \"><div class=\"row-bg-wrap\" data-bg-animation=\"none\" data-bg-animation-delay=\"\" data-bg-overlay=\"false\"><div class=\"inner-wrap row-bg-layer\" ><div class=\"row-bg viewport-desktop\"  style=\"\"><\/div><\/div><\/div><div class=\"row_col_wrap_12 col span_12 dark left\">\n\t<div  class=\"vc_col-sm-12 wpb_column column_container vc_column_container col no-extra-padding inherit_tablet inherit_phone\"  data-padding-pos=\"all\" data-has-bg-color=\"false\" data-bg-color=\"\" data-bg-opacity=\"1\" data-animation=\"\" data-delay=\"0\" >\n\t\t<div class=\"vc_column-inner\" >\n\t\t\t<div class=\"wpb_wrapper\">\n\t\t\t\t\n\t\t<div id=\"fws_69f4dc22461ad\"  data-column-margin=\"none\" data-midnight=\"light\"  class=\"wpb_row vc_row-fluid vc_row full-width-section  right_padding_0px left_padding_0px top_padding_tablet_12pct bottom_padding_tablet_12pct\"  style=\"padding-top: 30px; padding-bottom: 30px; \"><div class=\"row-bg-wrap\" data-bg-animation=\"none\" data-bg-animation-delay=\"\" data-bg-overlay=\"false\"><div class=\"inner-wrap row-bg-layer\" ><div class=\"row-bg viewport-desktop using-bg-color\"  style=\"background-color: #4c4c4c; \"><\/div><\/div><\/div><div class=\"nectar-shape-divider-wrap\" style=\" height:1px;\"  data-height=\"1\" data-front=\"\" data-style=\"straight_section\" data-position=\"top\" ><svg class=\"nectar-shape-divider\" aria-hidden=\"true\" fill=\"rgba(0,0,0,0.1)\" xmlns=\"http:\/\/www.w3.org\/2000\/svg\" viewbox=\"0 0 100 10\" preserveaspectratio=\"none\"> <polygon points=\"104 10, 104 0, 0 0, 0 10\"><\/polygon> <\/svg><\/div><div class=\"nectar-shape-divider-wrap\" style=\" height:1px;\"  data-height=\"1\" data-front=\"\" data-style=\"straight_section\" data-position=\"bottom\" ><svg class=\"nectar-shape-divider\" aria-hidden=\"true\" fill=\"rgba(0,0,0,0.1)\" xmlns=\"http:\/\/www.w3.org\/2000\/svg\" viewbox=\"0 0 100 10\" preserveaspectratio=\"none\"> <polygon points=\"104 10, 104 0, 0 0, 0 10\"><\/polygon> <\/svg><\/div><div class=\"row_col_wrap_12 col span_12 light left\">\n\t<div  class=\"vc_col-sm-3 wpb_column column_container vc_column_container col no-extra-padding force-phone-text-align-center inherit_tablet inherit_phone\"  data-padding-pos=\"all\" data-has-bg-color=\"false\" data-bg-color=\"\" data-bg-opacity=\"1\" data-animation=\"\" data-delay=\"0\" >\n\t\t<div class=\"vc_column-inner\" >\n\t\t\t<div class=\"wpb_wrapper\">\n\t\t\t\t<div id=\"fws_69f4dc224635c\" data-midnight=\"\" data-column-margin=\"none\" class=\"wpb_row vc_row-fluid vc_row inner_row vc_row-o-content-bottom\"  style=\"padding-bottom: 10px; \"><div class=\"row-bg-wrap\"> <div class=\"row-bg\" ><\/div> <\/div><div class=\"row_col_wrap_12_inner col span_12  left\">\n\t<div  class=\"vc_col-sm-12 wpb_column column_container vc_column_container col child_column no-extra-padding inherit_tablet inherit_phone\"   data-padding-pos=\"all\" data-has-bg-color=\"false\" data-bg-color=\"\" data-bg-opacity=\"1\" data-animation=\"\" data-delay=\"0\" >\n\t\t<div class=\"vc_column-inner\" >\n\t\t<div class=\"wpb_wrapper\">\n\t\t\t\n<div class=\"wpb_text_column wpb_content_element  vc_custom_1713191625711\" >\n\t<div class=\"wpb_wrapper\">\n\t\t<h3>Contact us<\/h3>\n<p><a href=\"mailto:info@reseausommeil.ca\">info@reseausommeil.ca<\/a><\/p>\n\t<\/div>\n<\/div>\n\n\n\n\n\t\t<\/div> \n\t<\/div>\n\t<\/div> \n<\/div><\/div><div id=\"fws_69f4dc22464f6\" data-midnight=\"\" data-column-margin=\"none\" class=\"wpb_row vc_row-fluid vc_row inner_row\"  style=\"\"><div class=\"row-bg-wrap\"> <div class=\"row-bg\" ><\/div> <\/div><div class=\"row_col_wrap_12_inner col span_12  left\">\n\t<div  class=\"vc_col-sm-3 wpb_column column_container vc_column_container col child_column no-extra-padding inherit_tablet inherit_phone\"   data-padding-pos=\"all\" data-has-bg-color=\"false\" data-bg-color=\"\" data-bg-opacity=\"1\" data-animation=\"\" data-delay=\"0\" >\n\t\t<div class=\"vc_column-inner\" >\n\t\t<div class=\"wpb_wrapper\">\n\t\t\t<div class=\"img-with-aniamtion-wrap\" data-max-width=\"100%\" data-max-width-mobile=\"default\" data-shadow=\"none\" data-animation=\"none\" >\n      <div class=\"inner\">\n        <div class=\"hover-wrap\"> \n          <div class=\"hover-wrap-inner\">\n            <a href=\"https:\/\/www.facebook.com\/ReseauSommeilQc\" target=\"_blank\" class=\"\">\n              <img loading=\"lazy\" decoding=\"async\" class=\"img-with-animation skip-lazy\" data-delay=\"0\" height=\"56\" width=\"56\" data-animation=\"none\" src=\"https:\/\/reseausommeil.ca\/wp-content\/uploads\/2024\/11\/Icon-FB.png\" alt=\"\" srcset=\"https:\/\/reseausommeil.ca\/wp-content\/uploads\/2024\/11\/Icon-FB.png 56w, https:\/\/reseausommeil.ca\/wp-content\/uploads\/2024\/11\/Icon-FB-12x12.png 12w\" sizes=\"auto, (max-width: 56px) 100vw, 56px\" \/>\n            <\/a>\n          <\/div>\n        <\/div>\n      <\/div>\n      <\/div>\n\t\t<\/div> \n\t<\/div>\n\t<\/div> \n\n\t<div  class=\"vc_col-sm-3 wpb_column column_container vc_column_container col child_column no-extra-padding inherit_tablet inherit_phone\"   data-padding-pos=\"all\" data-has-bg-color=\"false\" data-bg-color=\"\" data-bg-opacity=\"1\" data-animation=\"\" data-delay=\"0\" >\n\t\t<div class=\"vc_column-inner\" >\n\t\t<div class=\"wpb_wrapper\">\n\t\t\t<div class=\"img-with-aniamtion-wrap\" data-max-width=\"100%\" data-max-width-mobile=\"default\" data-shadow=\"none\" data-animation=\"none\" >\n      <div class=\"inner\">\n        <div class=\"hover-wrap\"> \n          <div class=\"hover-wrap-inner\">\n            <a href=\"https:\/\/bsky.app\/profile\/reseausommeil.bsky.social\" target=\"_blank\" class=\"\">\n              <img loading=\"lazy\" decoding=\"async\" class=\"img-with-animation skip-lazy\" data-delay=\"0\" height=\"56\" width=\"56\" data-animation=\"none\" src=\"https:\/\/reseausommeil.ca\/wp-content\/uploads\/2024\/11\/Icon-BS.png\" alt=\"\" srcset=\"https:\/\/reseausommeil.ca\/wp-content\/uploads\/2024\/11\/Icon-BS.png 56w, https:\/\/reseausommeil.ca\/wp-content\/uploads\/2024\/11\/Icon-BS-12x12.png 12w\" sizes=\"auto, (max-width: 56px) 100vw, 56px\" \/>\n            <\/a>\n          <\/div>\n        <\/div>\n      <\/div>\n      <\/div>\n\t\t<\/div> \n\t<\/div>\n\t<\/div> \n\n\t<div  class=\"vc_col-sm-3 wpb_column column_container vc_column_container col child_column no-extra-padding inherit_tablet inherit_phone\"   data-padding-pos=\"all\" data-has-bg-color=\"false\" data-bg-color=\"\" data-bg-opacity=\"1\" data-animation=\"\" data-delay=\"0\" >\n\t\t<div class=\"vc_column-inner\" >\n\t\t<div class=\"wpb_wrapper\">\n\t\t\t\n\t\t<\/div> \n\t<\/div>\n\t<\/div> \n\n\t<div  class=\"vc_col-sm-3 wpb_column column_container vc_column_container col child_column no-extra-padding inherit_tablet inherit_phone\"   data-padding-pos=\"all\" data-has-bg-color=\"false\" data-bg-color=\"\" data-bg-opacity=\"1\" data-animation=\"\" data-delay=\"0\" >\n\t\t<div class=\"vc_column-inner\" >\n\t\t<div class=\"wpb_wrapper\">\n\t\t\t\n\t\t<\/div> \n\t<\/div>\n\t<\/div> \n<\/div><\/div>\n\t\t\t<\/div> \n\t\t<\/div>\n\t<\/div> \n\n\t<div  class=\"vc_col-sm-6 wpb_column column_container vc_column_container col no-extra-padding inherit_tablet inherit_phone\"  data-padding-pos=\"all\" data-has-bg-color=\"false\" data-bg-color=\"\" data-bg-opacity=\"1\" data-animation=\"\" data-delay=\"0\" >\n\t\t<div class=\"vc_column-inner\" >\n\t\t\t<div class=\"wpb_wrapper\">\n\t\t\t\t<div id=\"fws_69f4dc2247bde\" data-midnight=\"\" data-column-margin=\"default\" class=\"wpb_row vc_row-fluid vc_row inner_row  vc_custom_1732637829214\"  style=\"\"><div class=\"row-bg-wrap\"> <div class=\"row-bg\" ><\/div> <\/div><div class=\"row_col_wrap_12_inner col span_12  left\">\n\t<div  class=\"vc_col-sm-12 wpb_column column_container vc_column_container col child_column no-extra-padding inherit_tablet inherit_phone\"   data-padding-pos=\"all\" data-has-bg-color=\"false\" data-bg-color=\"\" data-bg-opacity=\"1\" data-animation=\"\" data-delay=\"0\" >\n\t\t<div class=\"vc_column-inner\" >\n\t\t<div class=\"wpb_wrapper\">\n\t\t\t\n<div class=\"wpb_text_column wpb_content_element\" >\n\t<div class=\"wpb_wrapper\">\n\t\t<h3>Quebec Sleep Research Network<\/h3>\n<p>CIUSSS du Nord de l\u2019\u00cele-de-Montr\u00e9al<br \/>\n5400 boul. Gouin Ouest, local J-5105<br \/>\nMontr\u00e9al, Qc.<br \/>\nH4J 1C4<\/p>\n\t<\/div>\n<\/div>\n\n\n\n\n\t\t<\/div> \n\t<\/div>\n\t<\/div> \n<\/div><\/div>\n\t\t\t<\/div> \n\t\t<\/div>\n\t<\/div> \n\n\t<div  class=\"vc_col-sm-3 wpb_column column_container vc_column_container col no-extra-padding inherit_tablet inherit_phone\"  data-padding-pos=\"all\" data-has-bg-color=\"false\" data-bg-color=\"\" data-bg-opacity=\"1\" data-animation=\"\" data-delay=\"0\" >\n\t\t<div class=\"vc_column-inner\" >\n\t\t\t<div class=\"wpb_wrapper\">\n\t\t\t\t<div id=\"fws_69f4dc2247fef\" data-midnight=\"\" data-column-margin=\"default\" class=\"wpb_row vc_row-fluid vc_row inner_row  vc_custom_1708222288477\"  style=\"\"><div class=\"row-bg-wrap\"> <div class=\"row-bg\" ><\/div> <\/div><div class=\"row_col_wrap_12_inner col span_12  left\">\n\t<div  class=\"vc_col-sm-12 wpb_column column_container vc_column_container col child_column centered-text no-extra-padding inherit_tablet inherit_phone\"   data-padding-pos=\"all\" data-has-bg-color=\"false\" data-bg-color=\"\" data-bg-opacity=\"1\" data-animation=\"\" data-delay=\"0\" >\n\t\t<div class=\"vc_column-inner\" >\n\t\t<div class=\"wpb_wrapper\">\n\t\t\t\n<div class=\"wpb_text_column wpb_content_element\" >\n\t<div class=\"wpb_wrapper\">\n\t\t<h3>Stay tuned for the latest news!<\/h3>\n\t<\/div>\n<\/div>\n\n\n\n<a class=\"nectar-button large regular accent-color  regular-button\"  style=\"\"  href=\"https:\/\/reseausommeil.ca\/en\/infolettre\/\" data-color-override=\"false\" data-hover-color-override=\"false\" data-hover-text-color-override=\"#fff\"><span>Subscribe to the newsletter<\/span><\/a>\n\t\t<\/div> \n\t<\/div>\n\t<\/div> \n<\/div><\/div>\n\t\t\t<\/div> \n\t\t<\/div>\n\t<\/div> \n<\/div><\/div>\n<style type=\"text\/css\" data-type=\"vc_shortcodes-custom-css\">.vc_custom_1713191625711{margin-bottom: 10px !important;}.vc_custom_1732637829214{padding-left: 4% !important;}.vc_custom_1708222288477{padding-top: 20px !important;padding-right: 10px !important;padding-bottom: 20px !important;padding-left: 10px !important;background: #000000 url(https:\/\/reseausommeil.ca\/wp-content\/uploads\/2024\/02\/FeaturedImage-bg-6.jpg?id=1133) !important;background-position: center !important;background-repeat: no-repeat !important;background-size: cover !important;border-radius: 10px !important;}<\/style>\n\t\t\t<\/div> \n\t\t<\/div>\n\t<\/div> \n<\/div><\/div>\n\t\t<div id=\"fws_69f4dc224856e\"  data-column-margin=\"default\" data-midnight=\"dark\"  class=\"wpb_row vc_row-fluid vc_row\"  style=\"padding-top: 0px; padding-bottom: 0px; \"><div class=\"row-bg-wrap\" data-bg-animation=\"none\" data-bg-animation-delay=\"\" data-bg-overlay=\"false\"><div class=\"inner-wrap row-bg-layer\" ><div class=\"row-bg viewport-desktop\"  style=\"\"><\/div><\/div><\/div><div class=\"row_col_wrap_12 col span_12 dark left\">\n\t<div  class=\"vc_col-sm-12 wpb_column column_container vc_column_container col no-extra-padding inherit_tablet inherit_phone\"  data-padding-pos=\"all\" data-has-bg-color=\"false\" data-bg-color=\"\" data-bg-opacity=\"1\" data-animation=\"\" data-delay=\"0\" >\n\t\t<div class=\"vc_column-inner\" >\n\t\t\t<div class=\"wpb_wrapper\">\n\t\t\t\t\n\t\t<div id=\"fws_69f4dc2248908\"  data-column-margin=\"none\" data-midnight=\"light\"  class=\"wpb_row vc_row-fluid vc_row full-width-section  right_padding_0px left_padding_0px top_padding_tablet_6pct bottom_padding_tablet_6pct\"  style=\"padding-top: 28px; padding-bottom: 28px; \"><div class=\"row-bg-wrap\" data-bg-animation=\"none\" data-bg-animation-delay=\"\" data-bg-overlay=\"false\"><div class=\"inner-wrap row-bg-layer\" ><div class=\"row-bg viewport-desktop using-bg-color\"  style=\"background-color: #000000; \"><\/div><\/div><\/div><div class=\"row_col_wrap_12 col span_12 light left\">\n\t<div  class=\"vc_col-sm-6 wpb_column column_container vc_column_container col no-extra-padding force-tablet-text-align-center force-phone-text-align-center inherit_tablet inherit_phone\"  data-padding-pos=\"all\" data-has-bg-color=\"false\" data-bg-color=\"\" data-bg-opacity=\"1\" data-animation=\"\" data-delay=\"0\" >\n\t\t<div class=\"vc_column-inner\" >\n\t\t\t<div class=\"wpb_wrapper\">\n\t\t\t\t\n<div class=\"wpb_text_column wpb_content_element\" >\n\t<div class=\"wpb_wrapper\">\n\t\t<p><b>\u00a9 <\/b><span class=\"nectar-current-year\">2026<\/span> Quebec Sleep Research Network<\/p>\n\t<\/div>\n<\/div>\n\n\n\n\n\t\t\t<\/div> \n\t\t<\/div>\n\t<\/div> \n<\/div><\/div>\n\n\t\t\t<\/div> \n\t\t<\/div>\n\t<\/div> \n<\/div><\/div>","protected":false},"excerpt":{"rendered":"Prix SomnoVox Somnosciences Qu\u00e9bec Le prix SomnoVox est d\u00e9cern\u00e9 chaque ann\u00e9e lors de la journ\u00e9e scientifique du R\u00e9seau qu\u00e9b\u00e9cois de la recherche sur le sommeil, Somnosciences Qu\u00e9bec. Ce prix d'une...","protected":false},"author":1,"featured_media":0,"parent":0,"menu_order":0,"comment_status":"closed","ping_status":"closed","template":"","meta":{"_acf_changed":false,"_seopress_robots_primary_cat":"","_seopress_titles_title":"Prix SomnoVox","_seopress_titles_desc":"","_seopress_robots_index":"","footnotes":""},"class_list":["post-4214","page","type-page","status-publish"],"acf":[],"_links":{"self":[{"href":"https:\/\/reseausommeil.ca\/en\/wp-json\/wp\/v2\/pages\/4214","targetHints":{"allow":["GET"]}}],"collection":[{"href":"https:\/\/reseausommeil.ca\/en\/wp-json\/wp\/v2\/pages"}],"about":[{"href":"https:\/\/reseausommeil.ca\/en\/wp-json\/wp\/v2\/types\/page"}],"author":[{"embeddable":true,"href":"https:\/\/reseausommeil.ca\/en\/wp-json\/wp\/v2\/users\/1"}],"replies":[{"embeddable":true,"href":"https:\/\/reseausommeil.ca\/en\/wp-json\/wp\/v2\/comments?post=4214"}],"version-history":[{"count":12,"href":"https:\/\/reseausommeil.ca\/en\/wp-json\/wp\/v2\/pages\/4214\/revisions"}],"predecessor-version":[{"id":5726,"href":"https:\/\/reseausommeil.ca\/en\/wp-json\/wp\/v2\/pages\/4214\/revisions\/5726"}],"wp:attachment":[{"href":"https:\/\/reseausommeil.ca\/en\/wp-json\/wp\/v2\/media?parent=4214"}],"curies":[{"name":"wp","href":"https:\/\/api.w.org\/{rel}","templated":true}]}}